{"id":1923,"date":"2022-03-02T10:52:04","date_gmt":"2022-03-02T10:52:04","guid":{"rendered":"https:\/\/www.zselicvolgy.hu\/?page_id=1923"},"modified":"2024-04-05T00:17:46","modified_gmt":"2024-04-04T22:17:46","slug":"szolgaltatasok","status":"publish","type":"page","link":"https:\/\/staging.zselicvolgy.hu\/en\/szolgaltatasok\/","title":{"rendered":"Services"},"content":{"rendered":"<h1 style=\"text-align: center;\"><b>Services:<\/b><\/h1>\n<h3 style=\"text-align: center;\"><b>Free of charge for our hotel guests:<\/b><\/h3>\n<p style=\"text-align: center;\">parking<br \/>\nuse of bathrobes<br \/>\nWifi<br \/>\nluggage storage<br \/>\ncentral safe<br \/>\nfarm visit<br \/>\noutdoor pool, children's pool (06.01-09.15)<br \/>\nfootball and volleyball pitch<br \/>\nfishing facilities<br \/>\ntable football, darts, billiards<br \/>\ncot with bed linen<br \/>\nbaby changing<br \/>\nbath tub<br \/>\nhigh chair (restaurant)<br \/>\nstool for access to the toilet<br \/>\nbaby feeding facilities<br \/>\nplayground<br \/>\nplay area with toys<\/p>\n<p style=\"text-align: center;\"><strong>facilities in our sauna house:<\/strong><br \/>\nFinnish and infrared sauna, steam cabin, jacuzzi<\/p>\n<h3 style=\"text-align: center;\"><b><br \/>\nPaid services:<\/b><\/h3>\n<p style=\"text-align: center;\">minibar<br \/>\nfishing facilities<br \/>\na'la carte restaurant<br \/>\npet admission<br \/>\ntransfer<br \/>\nsolarium<br \/>\nflab\u00e9los<br \/>\nbike rental<br \/>\nindoor tennis court<br \/>\nminigolf<br \/>\nbowling<\/p>\n<h3 style=\"text-align: center;\"><b><br \/>\nServices for external guests for a fee:<br \/>\n<\/b><\/h3>\n<p style=\"text-align: center;\"><strong>use of the sauna house:<\/strong><br \/>\nFinnish and infrared sauna, steam cabin, jacuzzi<\/p>\n<p style=\"text-align: center;\">fishing facilities<br \/>\nfarm visit<br \/>\na'la carte restaurant<br \/>\n<span style=\"font-size: 1rem; font-weight: inherit; color: var(--ast-global-color-3); background-color: var(--ast-global-color-4);\">transfer<br \/>\n<\/span><span style=\"font-size: 1rem; font-weight: inherit; color: var(--ast-global-color-3); background-color: var(--ast-global-color-4);\">solarium<br \/>\n<\/span><span style=\"font-size: 1rem; font-weight: inherit; color: var(--ast-global-color-3); background-color: var(--ast-global-color-4);\">flab\u00e9los<br \/>\n<\/span><span style=\"font-size: 1rem; font-weight: inherit; color: var(--ast-global-color-3); background-color: var(--ast-global-color-4);\">bike rental<br \/>\n<\/span><span style=\"font-size: 1rem; font-weight: inherit; color: var(--ast-global-color-3); background-color: var(--ast-global-color-4);\">indoor tennis court<br \/>\n<\/span><span style=\"font-size: 1rem; font-weight: inherit; color: var(--ast-global-color-3); background-color: var(--ast-global-color-4);\">minigolf<br \/>\n<\/span><span style=\"font-size: 1rem; font-weight: inherit; color: var(--ast-global-color-3); background-color: var(--ast-global-color-4);\">bowling, table football, darts, billiards<\/span><\/p>\n<div>\n<h3 style=\"text-align: center;\"><strong><br \/>\nSound bath<\/strong><\/h3>\n<h5 style=\"text-align: center;\">What is a sound bath?<\/h5>\n<p style=\"text-align: center;\">A sound experience enhanced with traditional and professional quality therapeutic sound bowls and other sound therapy instruments.<\/p>\n<h5 style=\"text-align: center;\">What is a sound bath for?<\/h5>\n<p style=\"text-align: center;\">It activates the body's self-healing system. The body and each of our organs has a harmonic, healthy vibration, a specific frequency that is necessary for its proper functioning. Throughout our lives we are affected by many different influences. From the noise of public transport, to the intrusion of harmful substances in the street, to stress, which shift this harmonic vibration.<br \/>\nSound bowls can bring repressed emotions to the surface - relaxing, soothing. And by harmonising the emotions, the body becomes healthier.<br \/>\nDuring a sound bowl session, our immune system is activated, stimulating the body's self-healing processes. The subtle vibration of the bowls relaxes tired, strained and tense muscles, thus affecting the body's circulatory and metabolic processes.<br \/>\nIt also helps in the treatment of stress-related illnesses, anxiety, psychosomatic illnesses and mental and physical exhaustion, and even post-operative recovery.<br \/>\nThe healing effects of the sound bowls are proven and undeniable, but it is also important that the person being treated is receptive to these alternative treatments.<\/p>\n<h5 style=\"text-align: center;\">Why Zselicv\u00f6lgy Leisure Farm?<\/h5>\n<p style=\"text-align: center;\">Because it provides a perfect and tranquil environment for the vibrations of the sound bowls to permeate the body, and in this place, tranquillity \"settles\" on you.<\/p>\n<p style=\"text-align: center;\">The sound bath is led by Zsolt Csizm\u00e1r, a sound bowl therapist.<\/p>\n<p style=\"text-align: center;\"><strong>Date of the sound bath:<\/strong><br \/>\nTuesday 18:30 - 19:30<\/p>\n<p style=\"text-align: center;\"><strong>Participation fee:<\/strong><br \/>\nFirst session 2000 HUF\/person, each additional session 3500 HUF\/person.<\/p>\n<\/div>\n<h3 style=\"text-align: center;\"><strong><span style=\"font-size: 1rem; color: var(--ast-global-color-3); background-color: var(--ast-global-color-4);\">Please inquire at the hotel reception for prices.<\/span><\/strong><\/h3>\n<div>\n<h3 style=\"text-align: center;\">Thank you!<\/h3>\n<\/div>","protected":false},"excerpt":{"rendered":"<p>Szolg\u00e1ltat\u00e1sok: Sz\u00e1ll\u00f3vend\u00e9geink r\u00e9sz\u00e9re t\u00e9r\u00edt\u00e9smentesen vehet\u0151 ig\u00e9nybe: parkol\u00f3 f\u00fcrd\u0151k\u00f6peny haszn\u00e1lat Wifi csomagmeg\u0151rz\u00e9s k\u00f6zponti sz\u00e9f farml\u00e1togat\u00e1s k\u00fclt\u00e9ri medence, gyermek medence (06.01-09.15 -ig) futball- \u00e9s r\u00f6plabda p\u00e1lya horg\u00e1szati lehet\u0151s\u00e9g csocs\u00f3, darts, bili\u00e1rd gyerek\u00e1gy \u00e1gynem\u0171vel pelenk\u00e1z\u00f3 f\u00fcrdet\u0151k\u00e1d etet\u0151sz\u00e9k (\u00e9tterem) zs\u00e1moly a mosd\u00f3 el\u00e9r\u00e9s\u00e9hez b\u00e9bi \u00e9telmeleg\u00edt\u00e9si lehet\u0151s\u00e9g j\u00e1tsz\u00f3t\u00e9r j\u00e1tsz\u00f3sarok j\u00e1t\u00e9kokkal szaunah\u00e1zunk szolg\u00e1ltat\u00e1sai: finn-\u00e9s infraszauna, g\u0151zkabin, jacuzzi T\u00e9r\u00edt\u00e9ses szolg\u00e1ltat\u00e1sok: minib\u00e1r horg\u00e1szati [&hellip;]<\/p>\n","protected":false},"author":1,"featured_media":0,"parent":0,"menu_order":0,"comment_status":"closed","ping_status":"closed","template":"","meta":{"_monsterinsights_skip_tracking":false,"_monsterinsights_sitenote_active":false,"_monsterinsights_sitenote_note":"","_monsterinsights_sitenote_category":0,"site-sidebar-layout":"no-sidebar","site-content-layout":"page-builder","ast-site-content-layout":"full-width-container","site-content-style":"default","site-sidebar-style":"default","ast-global-header-display":"","ast-banner-title-visibility":"","ast-main-header-display":"","ast-hfb-above-header-display":"","ast-hfb-below-header-display":"","ast-hfb-mobile-header-display":"","site-post-title":"disabled","ast-breadcrumbs-content":"","ast-featured-img":"disabled","footer-sml-layout":"","ast-disable-related-posts":"","theme-transparent-header-meta":"","adv-header-id-meta":"","stick-header-meta":"","header-above-stick-meta":"","header-main-stick-meta":"","header-below-stick-meta":"","astra-migrate-meta-layouts":"set","ast-page-background-enabled":"default","ast-page-background-meta":{"desktop":{"background-color":"var(--ast-global-color-4)","background-image":"","background-repeat":"repeat","background-position":"center center","background-size":"auto","background-attachment":"scroll","background-type":"","background-media":"","overlay-type":"","overlay-color":"","overlay-opacity":"","overlay-gradient":""},"tablet":{"background-color":"","background-image":"","background-repeat":"repeat","background-position":"center center","background-size":"auto","background-attachment":"scroll","background-type":"","background-media":"","overlay-type":"","overlay-color":"","overlay-opacity":"","overlay-gradient":""},"mobile":{"background-color":"","background-image":"","background-repeat":"repeat","background-position":"center center","background-size":"auto","background-attachment":"scroll","background-type":"","background-media":"","overlay-type":"","overlay-color":"","overlay-opacity":"","overlay-gradient":""}},"ast-content-background-meta":{"desktop":{"background-color":"var(--ast-global-color-5)","background-image":"","background-repeat":"repeat","background-position":"center center","background-size":"auto","background-attachment":"scroll","background-type":"","background-media":"","overlay-type":"","overlay-color":"","overlay-opacity":"","overlay-gradient":""},"tablet":{"background-color":"var(--ast-global-color-5)","background-image":"","background-repeat":"repeat","background-position":"center center","background-size":"auto","background-attachment":"scroll","background-type":"","background-media":"","overlay-type":"","overlay-color":"","overlay-opacity":"","overlay-gradient":""},"mobile":{"background-color":"var(--ast-global-color-5)","background-image":"","background-repeat":"repeat","background-position":"center center","background-size":"auto","background-attachment":"scroll","background-type":"","background-media":"","overlay-type":"","overlay-color":"","overlay-opacity":"","overlay-gradient":""}},"footnotes":""},"class_list":["post-1923","page","type-page","status-publish","hentry"],"yoast_head":"<!-- This site is optimized with the Yoast SEO Premium plugin v26.9 (Yoast SEO v26.9) - https:\/\/yoast.com\/product\/yoast-seo-premium-wordpress\/ -->\n<title>Szolg\u00e1ltat\u00e1sok - Zselicv\u00f6lgy Szabadid\u0151farm<\/title>\n<meta name=\"robots\" content=\"noindex, follow, max-snippet:-1, max-image-preview:large, max-video-preview:-1\" \/>\n<meta property=\"og:locale\" content=\"en_GB\" \/>\n<meta property=\"og:type\" content=\"article\" \/>\n<meta property=\"og:title\" content=\"Szolg\u00e1ltat\u00e1sok\" \/>\n<meta property=\"og:description\" content=\"Szolg\u00e1ltat\u00e1sok: Sz\u00e1ll\u00f3vend\u00e9geink r\u00e9sz\u00e9re t\u00e9r\u00edt\u00e9smentesen vehet\u0151 ig\u00e9nybe: parkol\u00f3 f\u00fcrd\u0151k\u00f6peny haszn\u00e1lat Wifi csomagmeg\u0151rz\u00e9s k\u00f6zponti sz\u00e9f farml\u00e1togat\u00e1s k\u00fclt\u00e9ri medence, gyermek medence (06.01-09.15 -ig) futball- \u00e9s r\u00f6plabda p\u00e1lya horg\u00e1szati lehet\u0151s\u00e9g csocs\u00f3, darts, bili\u00e1rd gyerek\u00e1gy \u00e1gynem\u0171vel pelenk\u00e1z\u00f3 f\u00fcrdet\u0151k\u00e1d etet\u0151sz\u00e9k (\u00e9tterem) zs\u00e1moly a mosd\u00f3 el\u00e9r\u00e9s\u00e9hez b\u00e9bi \u00e9telmeleg\u00edt\u00e9si lehet\u0151s\u00e9g j\u00e1tsz\u00f3t\u00e9r j\u00e1tsz\u00f3sarok j\u00e1t\u00e9kokkal szaunah\u00e1zunk szolg\u00e1ltat\u00e1sai: finn-\u00e9s infraszauna, g\u0151zkabin, jacuzzi T\u00e9r\u00edt\u00e9ses szolg\u00e1ltat\u00e1sok: minib\u00e1r horg\u00e1szati [&hellip;]\" \/>\n<meta property=\"og:url\" content=\"https:\/\/staging.zselicvolgy.hu\/en\/szolgaltatasok\/\" \/>\n<meta property=\"og:site_name\" content=\"Zselicv\u00f6lgy Szabadid\u0151farm\" \/>\n<meta property=\"article:publisher\" content=\"https:\/\/www.facebook.com\/zselicvolgy\" \/>\n<meta property=\"article:modified_time\" content=\"2024-04-04T22:17:46+00:00\" \/>\n<meta name=\"twitter:card\" content=\"summary_large_image\" \/>\n<meta name=\"twitter:label1\" content=\"Estimated reading time\" \/>\n\t<meta name=\"twitter:data1\" content=\"3 minutes\" \/>\n<script type=\"application\/ld+json\" class=\"yoast-schema-graph\">{\"@context\":\"https:\/\/schema.org\",\"@graph\":[{\"@type\":\"WebPage\",\"@id\":\"https:\/\/staging.zselicvolgy.hu\/szolgaltatasok\/\",\"url\":\"https:\/\/staging.zselicvolgy.hu\/szolgaltatasok\/\",\"name\":\"Szolg\u00e1ltat\u00e1sok - Zselicv\u00f6lgy Szabadid\u0151farm\",\"isPartOf\":{\"@id\":\"https:\/\/staging.zselicvolgy.hu\/#website\"},\"datePublished\":\"2022-03-02T10:52:04+00:00\",\"dateModified\":\"2024-04-04T22:17:46+00:00\",\"breadcrumb\":{\"@id\":\"https:\/\/staging.zselicvolgy.hu\/szolgaltatasok\/#breadcrumb\"},\"inLanguage\":\"en-GB\",\"potentialAction\":[{\"@type\":\"ReadAction\",\"target\":[\"https:\/\/staging.zselicvolgy.hu\/szolgaltatasok\/\"]}]},{\"@type\":\"BreadcrumbList\",\"@id\":\"https:\/\/staging.zselicvolgy.hu\/szolgaltatasok\/#breadcrumb\",\"itemListElement\":[{\"@type\":\"ListItem\",\"position\":1,\"name\":\"Home\",\"item\":\"https:\/\/staging.zselicvolgy.hu\/\"},{\"@type\":\"ListItem\",\"position\":2,\"name\":\"Szolg\u00e1ltat\u00e1sok\"}]},{\"@type\":\"WebSite\",\"@id\":\"https:\/\/staging.zselicvolgy.hu\/#website\",\"url\":\"https:\/\/staging.zselicvolgy.hu\/\",\"name\":\"Zselicv\u00f6lgy Szabadid\u0151farm\",\"description\":\"\",\"publisher\":{\"@id\":\"https:\/\/staging.zselicvolgy.hu\/#organization\"},\"potentialAction\":[{\"@type\":\"SearchAction\",\"target\":{\"@type\":\"EntryPoint\",\"urlTemplate\":\"https:\/\/staging.zselicvolgy.hu\/?s={search_term_string}\"},\"query-input\":{\"@type\":\"PropertyValueSpecification\",\"valueRequired\":true,\"valueName\":\"search_term_string\"}}],\"inLanguage\":\"en-GB\"},{\"@type\":\"Organization\",\"@id\":\"https:\/\/staging.zselicvolgy.hu\/#organization\",\"name\":\"Zselicv\u00f6lgy Szabadid\u0151farm\",\"url\":\"https:\/\/staging.zselicvolgy.hu\/\",\"logo\":{\"@type\":\"ImageObject\",\"inLanguage\":\"en-GB\",\"@id\":\"https:\/\/staging.zselicvolgy.hu\/#\/schema\/logo\/image\/\",\"url\":\"https:\/\/staging.zselicvolgy.hu\/wp-content\/uploads\/2022\/02\/logo2.png\",\"contentUrl\":\"https:\/\/staging.zselicvolgy.hu\/wp-content\/uploads\/2022\/02\/logo2.png\",\"width\":500,\"height\":393,\"caption\":\"Zselicv\u00f6lgy Szabadid\u0151farm\"},\"image\":{\"@id\":\"https:\/\/staging.zselicvolgy.hu\/#\/schema\/logo\/image\/\"},\"sameAs\":[\"https:\/\/www.facebook.com\/zselicvolgy\"]}]}<\/script>\n<!-- \/ Yoast SEO Premium plugin. -->","yoast_head_json":{"title":"Szolg\u00e1ltat\u00e1sok - Zselicv\u00f6lgy Szabadid\u0151farm","robots":{"index":"noindex","follow":"follow","max-snippet":"max-snippet:-1","max-image-preview":"max-image-preview:large","max-video-preview":"max-video-preview:-1"},"og_locale":"en_GB","og_type":"article","og_title":"Szolg\u00e1ltat\u00e1sok","og_description":"Szolg\u00e1ltat\u00e1sok: Sz\u00e1ll\u00f3vend\u00e9geink r\u00e9sz\u00e9re t\u00e9r\u00edt\u00e9smentesen vehet\u0151 ig\u00e9nybe: parkol\u00f3 f\u00fcrd\u0151k\u00f6peny haszn\u00e1lat Wifi csomagmeg\u0151rz\u00e9s k\u00f6zponti sz\u00e9f farml\u00e1togat\u00e1s k\u00fclt\u00e9ri medence, gyermek medence (06.01-09.15 -ig) futball- \u00e9s r\u00f6plabda p\u00e1lya horg\u00e1szati lehet\u0151s\u00e9g csocs\u00f3, darts, bili\u00e1rd gyerek\u00e1gy \u00e1gynem\u0171vel pelenk\u00e1z\u00f3 f\u00fcrdet\u0151k\u00e1d etet\u0151sz\u00e9k (\u00e9tterem) zs\u00e1moly a mosd\u00f3 el\u00e9r\u00e9s\u00e9hez b\u00e9bi \u00e9telmeleg\u00edt\u00e9si lehet\u0151s\u00e9g j\u00e1tsz\u00f3t\u00e9r j\u00e1tsz\u00f3sarok j\u00e1t\u00e9kokkal szaunah\u00e1zunk szolg\u00e1ltat\u00e1sai: finn-\u00e9s infraszauna, g\u0151zkabin, jacuzzi T\u00e9r\u00edt\u00e9ses szolg\u00e1ltat\u00e1sok: minib\u00e1r horg\u00e1szati [&hellip;]","og_url":"https:\/\/staging.zselicvolgy.hu\/en\/szolgaltatasok\/","og_site_name":"Zselicv\u00f6lgy Szabadid\u0151farm","article_publisher":"https:\/\/www.facebook.com\/zselicvolgy","article_modified_time":"2024-04-04T22:17:46+00:00","twitter_card":"summary_large_image","twitter_misc":{"Estimated reading time":"3 minutes"},"schema":{"@context":"https:\/\/schema.org","@graph":[{"@type":"WebPage","@id":"https:\/\/staging.zselicvolgy.hu\/szolgaltatasok\/","url":"https:\/\/staging.zselicvolgy.hu\/szolgaltatasok\/","name":"Szolg\u00e1ltat\u00e1sok - Zselicv\u00f6lgy Szabadid\u0151farm","isPartOf":{"@id":"https:\/\/staging.zselicvolgy.hu\/#website"},"datePublished":"2022-03-02T10:52:04+00:00","dateModified":"2024-04-04T22:17:46+00:00","breadcrumb":{"@id":"https:\/\/staging.zselicvolgy.hu\/szolgaltatasok\/#breadcrumb"},"inLanguage":"en-GB","potentialAction":[{"@type":"ReadAction","target":["https:\/\/staging.zselicvolgy.hu\/szolgaltatasok\/"]}]},{"@type":"BreadcrumbList","@id":"https:\/\/staging.zselicvolgy.hu\/szolgaltatasok\/#breadcrumb","itemListElement":[{"@type":"ListItem","position":1,"name":"Home","item":"https:\/\/staging.zselicvolgy.hu\/"},{"@type":"ListItem","position":2,"name":"Szolg\u00e1ltat\u00e1sok"}]},{"@type":"WebSite","@id":"https:\/\/staging.zselicvolgy.hu\/#website","url":"https:\/\/staging.zselicvolgy.hu\/","name":"Zselicv\u00f6lgy Leisure Farm Hajm\u00e1s","description":"","publisher":{"@id":"https:\/\/staging.zselicvolgy.hu\/#organization"},"potentialAction":[{"@type":"SearchAction","target":{"@type":"EntryPoint","urlTemplate":"https:\/\/staging.zselicvolgy.hu\/?s={search_term_string}"},"query-input":{"@type":"PropertyValueSpecification","valueRequired":true,"valueName":"search_term_string"}}],"inLanguage":"en-GB"},{"@type":"Organization","@id":"https:\/\/staging.zselicvolgy.hu\/#organization","name":"Zselicv\u00f6lgy Leisure Farm Hajm\u00e1s","url":"https:\/\/staging.zselicvolgy.hu\/","logo":{"@type":"ImageObject","inLanguage":"en-GB","@id":"https:\/\/staging.zselicvolgy.hu\/#\/schema\/logo\/image\/","url":"https:\/\/staging.zselicvolgy.hu\/wp-content\/uploads\/2022\/02\/logo2.png","contentUrl":"https:\/\/staging.zselicvolgy.hu\/wp-content\/uploads\/2022\/02\/logo2.png","width":500,"height":393,"caption":"Zselicv\u00f6lgy Szabadid\u0151farm"},"image":{"@id":"https:\/\/staging.zselicvolgy.hu\/#\/schema\/logo\/image\/"},"sameAs":["https:\/\/www.facebook.com\/zselicvolgy"]}]}},"_links":{"self":[{"href":"https:\/\/staging.zselicvolgy.hu\/en\/wp-json\/wp\/v2\/pages\/1923","targetHints":{"allow":["GET"]}}],"collection":[{"href":"https:\/\/staging.zselicvolgy.hu\/en\/wp-json\/wp\/v2\/pages"}],"about":[{"href":"https:\/\/staging.zselicvolgy.hu\/en\/wp-json\/wp\/v2\/types\/page"}],"author":[{"embeddable":true,"href":"https:\/\/staging.zselicvolgy.hu\/en\/wp-json\/wp\/v2\/users\/1"}],"replies":[{"embeddable":true,"href":"https:\/\/staging.zselicvolgy.hu\/en\/wp-json\/wp\/v2\/comments?post=1923"}],"version-history":[{"count":36,"href":"https:\/\/staging.zselicvolgy.hu\/en\/wp-json\/wp\/v2\/pages\/1923\/revisions"}],"predecessor-version":[{"id":4351,"href":"https:\/\/staging.zselicvolgy.hu\/en\/wp-json\/wp\/v2\/pages\/1923\/revisions\/4351"}],"wp:attachment":[{"href":"https:\/\/staging.zselicvolgy.hu\/en\/wp-json\/wp\/v2\/media?parent=1923"}],"curies":[{"name":"wp","href":"https:\/\/api.w.org\/{rel}","templated":true}]}}