{"id":3058,"date":"2022-05-06T08:23:45","date_gmt":"2022-05-06T08:23:45","guid":{"rendered":"https:\/\/www.zselicvolgy.hu\/?page_id=3058"},"modified":"2025-03-17T22:51:52","modified_gmt":"2025-03-17T21:51:52","slug":"etlap","status":"publish","type":"page","link":"https:\/\/staging.zselicvolgy.hu\/en\/etlap\/","title":{"rendered":"Menu"},"content":{"rendered":"<div data-elementor-type=\"wp-page\" data-elementor-id=\"3058\" class=\"elementor elementor-3058\" data-elementor-post-type=\"page\">\n\t\t\t\t\t\t<section class=\"elementor-section elementor-top-section elementor-element elementor-element-a8e9e46 elementor-section-boxed elementor-section-height-default elementor-section-height-default\" data-id=\"a8e9e46\" data-element_type=\"section\" data-e-type=\"section\">\n\t\t\t\t\t\t<div class=\"elementor-container elementor-column-gap-default\">\n\t\t\t\t\t<div class=\"elementor-column elementor-col-100 elementor-top-column elementor-element elementor-element-a797fbf\" data-id=\"a797fbf\" data-element_type=\"column\" data-e-type=\"column\">\n\t\t\t<div class=\"elementor-widget-wrap elementor-element-populated\">\n\t\t\t\t\t\t<div class=\"elementor-element elementor-element-bd376ed elementor-align-center elementor-widget elementor-widget-embedpress_pdf\" data-id=\"bd376ed\" data-element_type=\"widget\" data-e-type=\"widget\" data-widget_type=\"embedpress_pdf.default\">\n\t\t\t\t<div class=\"elementor-widget-container\">\n\t\t\t\t\t    <div class=\"embedpress-document-embed ep-doc-bb0880dbf5de8ca8ee0201c55d647cf8 ose-document emebedpress-unit-px\" data-thememode=\"default\" data-customcolor=\"\" data-toolbar=\"yes\" data-toolbar-position=\"top\" data-open=\"no\" data-presentation-mode=\"yes\" data-download=\"yes\" data-copy=\"yes\" data-add-image=\"yes\" data-rotate=\"yes\" data-details=\"yes\" data-id=\"embedpress-pdf-bd376ed\" data-selection-tool=\"0\" data-scrolling=\"0\" data-spreads=\"-1\" style=\" max-width:100%; display: inline-block\">\n\n        \n                <div >\n\n                    <div id=\"ep-elementor-content-bd376ed\" class=\"ep-elementor-content  ep-fixed-width   ep-content-protection-disabled\">\n                        <div id=\"bd376ed\" class=\"ep-embed-content-wraper\">\n                            <div><iframe title=\"Zselicvolgy_ETLAP_2025-03-17\" class=\"embedpress-embed-document-pdf embedpress-pdf-bd376ed\" style=\"width: 1000px!important;height: 1000px;; max-width:100%; display: inline-block\" src=\"https:\/\/staging.zselicvolgy.hu\/wp-admin\/admin-ajax.php?action=get_viewer&#038;file=https%3A%2F%2Fstaging.zselicvolgy.hu%2Fwp-content%2Fuploads%2F2025%2F03%2FZselicvolgy_ETLAP_2025-03-17.pdf&#038;scrolling=0&#038;selection_tool=0&#038;spreads=-1#key=dGhlbWVNb2RlPWRlZmF1bHQmdG9vbGJhcj10cnVlJnBvc2l0aW9uPXRvcCZwcmVzZW50YXRpb249dHJ1ZSZsYXp5TG9hZD1mYWxzZSZkb3dubG9hZD10cnVlJmNvcHlfdGV4dD10cnVlJmFkZF90ZXh0PXRydWUmZHJhdz10cnVlJmFkZF9pbWFnZT10cnVlJnBkZl9yb3RhdGlvbj10cnVlJnBkZl9kZXRhaWxzPXRydWUmem9vbV9pbj10cnVlJnpvb21fb3V0PXRydWUmZml0X3ZpZXc9dHJ1ZSZib29rbWFyaz10cnVlJnNvdW5kPXRydWUmZmxpcGJvb2tfdG9vbGJhcl9wb3NpdGlvbj1ib3R0b20mc2VsZWN0aW9uX3Rvb2w9MCZzY3JvbGxpbmc9MCZzcHJlYWRzPS0xJmlzX3Byb19hY3RpdmU9MA==&#038;zoom=auto\" data-emid=\"embedpress-pdf-bd376ed\" data-embed-type=\"PDF\" frameborder=\"0\"><\/iframe><p class=\"embedpress-el-powered\">Powered By EmbedPress<\/p><\/div>                        <\/div>\n\n                    <\/div>\n\n\n                   \n                <\/div>\n            \n    <\/div>\n\n\t\t\t\t<\/div>\n\t\t\t\t<\/div>\n\t\t\t\t\t<\/div>\n\t\t<\/div>\n\t\t\t\t\t<\/div>\n\t\t<\/section>\n\t\t\t\t<\/div>","protected":false},"excerpt":{"rendered":"<p>Powered By EmbedPress<\/p>","protected":false},"author":1,"featured_media":0,"parent":0,"menu_order":0,"comment_status":"closed","ping_status":"closed","template":"","meta":{"_monsterinsights_skip_tracking":false,"_monsterinsights_sitenote_active":false,"_monsterinsights_sitenote_note":"","_monsterinsights_sitenote_category":0,"site-sidebar-layout":"no-sidebar","site-content-layout":"page-builder","ast-site-content-layout":"default","site-content-style":"default","site-sidebar-style":"default","ast-global-header-display":"","ast-banner-title-visibility":"","ast-main-header-display":"","ast-hfb-above-header-display":"","ast-hfb-below-header-display":"","ast-hfb-mobile-header-display":"","site-post-title":"disabled","ast-breadcrumbs-content":"","ast-featured-img":"disabled","footer-sml-layout":"","ast-disable-related-posts":"","theme-transparent-header-meta":"","adv-header-id-meta":"","stick-header-meta":"","header-above-stick-meta":"","header-main-stick-meta":"","header-below-stick-meta":"","astra-migrate-meta-layouts":"default","ast-page-background-enabled":"default","ast-page-background-meta":{"desktop":{"background-color":"var(--ast-global-color-4)","background-image":"","background-repeat":"repeat","background-position":"center center","background-size":"auto","background-attachment":"scroll","background-type":"","background-media":"","overlay-type":"","overlay-color":"","overlay-opacity":"","overlay-gradient":""},"tablet":{"background-color":"","background-image":"","background-repeat":"repeat","background-position":"center center","background-size":"auto","background-attachment":"scroll","background-type":"","background-media":"","overlay-type":"","overlay-color":"","overlay-opacity":"","overlay-gradient":""},"mobile":{"background-color":"","background-image":"","background-repeat":"repeat","background-position":"center center","background-size":"auto","background-attachment":"scroll","background-type":"","background-media":"","overlay-type":"","overlay-color":"","overlay-opacity":"","overlay-gradient":""}},"ast-content-background-meta":{"desktop":{"background-color":"var(--ast-global-color-5)","background-image":"","background-repeat":"repeat","background-position":"center center","background-size":"auto","background-attachment":"scroll","background-type":"","background-media":"","overlay-type":"","overlay-color":"","overlay-opacity":"","overlay-gradient":""},"tablet":{"background-color":"var(--ast-global-color-5)","background-image":"","background-repeat":"repeat","background-position":"center center","background-size":"auto","background-attachment":"scroll","background-type":"","background-media":"","overlay-type":"","overlay-color":"","overlay-opacity":"","overlay-gradient":""},"mobile":{"background-color":"var(--ast-global-color-5)","background-image":"","background-repeat":"repeat","background-position":"center center","background-size":"auto","background-attachment":"scroll","background-type":"","background-media":"","overlay-type":"","overlay-color":"","overlay-opacity":"","overlay-gradient":""}},"footnotes":""},"class_list":["post-3058","page","type-page","status-publish","hentry"],"yoast_head":"<!-- This site is optimized with the Yoast SEO Premium plugin v26.9 (Yoast SEO v26.9) - https:\/\/yoast.com\/product\/yoast-seo-premium-wordpress\/ -->\n<title>\u00c9tlap - Zselicv\u00f6lgy Szabadid\u0151farm<\/title>\n<meta name=\"robots\" content=\"noindex, follow, max-snippet:-1, max-image-preview:large, max-video-preview:-1\" \/>\n<meta property=\"og:locale\" content=\"en_GB\" \/>\n<meta property=\"og:type\" content=\"article\" \/>\n<meta property=\"og:title\" content=\"\u00c9tlap\" \/>\n<meta property=\"og:description\" content=\"Powered By EmbedPress\" \/>\n<meta property=\"og:url\" content=\"https:\/\/staging.zselicvolgy.hu\/en\/etlap\/\" \/>\n<meta property=\"og:site_name\" content=\"Zselicv\u00f6lgy Szabadid\u0151farm\" \/>\n<meta property=\"article:publisher\" content=\"https:\/\/www.facebook.com\/zselicvolgy\" \/>\n<meta property=\"article:modified_time\" content=\"2025-03-17T21:51:52+00:00\" \/>\n<meta name=\"twitter:card\" content=\"summary_large_image\" \/>\n<meta name=\"twitter:label1\" content=\"Estimated reading time\" \/>\n\t<meta name=\"twitter:data1\" content=\"1 minute\" \/>\n<script type=\"application\/ld+json\" class=\"yoast-schema-graph\">{\"@context\":\"https:\/\/schema.org\",\"@graph\":[{\"@type\":\"WebPage\",\"@id\":\"https:\/\/staging.zselicvolgy.hu\/etlap\/\",\"url\":\"https:\/\/staging.zselicvolgy.hu\/etlap\/\",\"name\":\"\u00c9tlap - Zselicv\u00f6lgy Szabadid\u0151farm\",\"isPartOf\":{\"@id\":\"https:\/\/staging.zselicvolgy.hu\/#website\"},\"datePublished\":\"2022-05-06T08:23:45+00:00\",\"dateModified\":\"2025-03-17T21:51:52+00:00\",\"breadcrumb\":{\"@id\":\"https:\/\/staging.zselicvolgy.hu\/etlap\/#breadcrumb\"},\"inLanguage\":\"en-GB\",\"potentialAction\":[{\"@type\":\"ReadAction\",\"target\":[\"https:\/\/staging.zselicvolgy.hu\/etlap\/\"]}]},{\"@type\":\"BreadcrumbList\",\"@id\":\"https:\/\/staging.zselicvolgy.hu\/etlap\/#breadcrumb\",\"itemListElement\":[{\"@type\":\"ListItem\",\"position\":1,\"name\":\"Home\",\"item\":\"https:\/\/staging.zselicvolgy.hu\/\"},{\"@type\":\"ListItem\",\"position\":2,\"name\":\"\u00c9tlap\"}]},{\"@type\":\"WebSite\",\"@id\":\"https:\/\/staging.zselicvolgy.hu\/#website\",\"url\":\"https:\/\/staging.zselicvolgy.hu\/\",\"name\":\"Zselicv\u00f6lgy Szabadid\u0151farm\",\"description\":\"\",\"publisher\":{\"@id\":\"https:\/\/staging.zselicvolgy.hu\/#organization\"},\"potentialAction\":[{\"@type\":\"SearchAction\",\"target\":{\"@type\":\"EntryPoint\",\"urlTemplate\":\"https:\/\/staging.zselicvolgy.hu\/?s={search_term_string}\"},\"query-input\":{\"@type\":\"PropertyValueSpecification\",\"valueRequired\":true,\"valueName\":\"search_term_string\"}}],\"inLanguage\":\"en-GB\"},{\"@type\":\"Organization\",\"@id\":\"https:\/\/staging.zselicvolgy.hu\/#organization\",\"name\":\"Zselicv\u00f6lgy Szabadid\u0151farm\",\"url\":\"https:\/\/staging.zselicvolgy.hu\/\",\"logo\":{\"@type\":\"ImageObject\",\"inLanguage\":\"en-GB\",\"@id\":\"https:\/\/staging.zselicvolgy.hu\/#\/schema\/logo\/image\/\",\"url\":\"https:\/\/staging.zselicvolgy.hu\/wp-content\/uploads\/2022\/02\/logo2.png\",\"contentUrl\":\"https:\/\/staging.zselicvolgy.hu\/wp-content\/uploads\/2022\/02\/logo2.png\",\"width\":500,\"height\":393,\"caption\":\"Zselicv\u00f6lgy Szabadid\u0151farm\"},\"image\":{\"@id\":\"https:\/\/staging.zselicvolgy.hu\/#\/schema\/logo\/image\/\"},\"sameAs\":[\"https:\/\/www.facebook.com\/zselicvolgy\"]}]}<\/script>\n<!-- \/ Yoast SEO Premium plugin. -->","yoast_head_json":{"title":"\u00c9tlap - Zselicv\u00f6lgy Szabadid\u0151farm","robots":{"index":"noindex","follow":"follow","max-snippet":"max-snippet:-1","max-image-preview":"max-image-preview:large","max-video-preview":"max-video-preview:-1"},"og_locale":"en_GB","og_type":"article","og_title":"\u00c9tlap","og_description":"Powered By EmbedPress","og_url":"https:\/\/staging.zselicvolgy.hu\/en\/etlap\/","og_site_name":"Zselicv\u00f6lgy Szabadid\u0151farm","article_publisher":"https:\/\/www.facebook.com\/zselicvolgy","article_modified_time":"2025-03-17T21:51:52+00:00","twitter_card":"summary_large_image","twitter_misc":{"Estimated reading time":"1 minute"},"schema":{"@context":"https:\/\/schema.org","@graph":[{"@type":"WebPage","@id":"https:\/\/staging.zselicvolgy.hu\/etlap\/","url":"https:\/\/staging.zselicvolgy.hu\/etlap\/","name":"\u00c9tlap - Zselicv\u00f6lgy Szabadid\u0151farm","isPartOf":{"@id":"https:\/\/staging.zselicvolgy.hu\/#website"},"datePublished":"2022-05-06T08:23:45+00:00","dateModified":"2025-03-17T21:51:52+00:00","breadcrumb":{"@id":"https:\/\/staging.zselicvolgy.hu\/etlap\/#breadcrumb"},"inLanguage":"en-GB","potentialAction":[{"@type":"ReadAction","target":["https:\/\/staging.zselicvolgy.hu\/etlap\/"]}]},{"@type":"BreadcrumbList","@id":"https:\/\/staging.zselicvolgy.hu\/etlap\/#breadcrumb","itemListElement":[{"@type":"ListItem","position":1,"name":"Home","item":"https:\/\/staging.zselicvolgy.hu\/"},{"@type":"ListItem","position":2,"name":"\u00c9tlap"}]},{"@type":"WebSite","@id":"https:\/\/staging.zselicvolgy.hu\/#website","url":"https:\/\/staging.zselicvolgy.hu\/","name":"Zselicv\u00f6lgy Leisure Farm Hajm\u00e1s","description":"","publisher":{"@id":"https:\/\/staging.zselicvolgy.hu\/#organization"},"potentialAction":[{"@type":"SearchAction","target":{"@type":"EntryPoint","urlTemplate":"https:\/\/staging.zselicvolgy.hu\/?s={search_term_string}"},"query-input":{"@type":"PropertyValueSpecification","valueRequired":true,"valueName":"search_term_string"}}],"inLanguage":"en-GB"},{"@type":"Organization","@id":"https:\/\/staging.zselicvolgy.hu\/#organization","name":"Zselicv\u00f6lgy Leisure Farm Hajm\u00e1s","url":"https:\/\/staging.zselicvolgy.hu\/","logo":{"@type":"ImageObject","inLanguage":"en-GB","@id":"https:\/\/staging.zselicvolgy.hu\/#\/schema\/logo\/image\/","url":"https:\/\/staging.zselicvolgy.hu\/wp-content\/uploads\/2022\/02\/logo2.png","contentUrl":"https:\/\/staging.zselicvolgy.hu\/wp-content\/uploads\/2022\/02\/logo2.png","width":500,"height":393,"caption":"Zselicv\u00f6lgy Szabadid\u0151farm"},"image":{"@id":"https:\/\/staging.zselicvolgy.hu\/#\/schema\/logo\/image\/"},"sameAs":["https:\/\/www.facebook.com\/zselicvolgy"]}]}},"_links":{"self":[{"href":"https:\/\/staging.zselicvolgy.hu\/en\/wp-json\/wp\/v2\/pages\/3058","targetHints":{"allow":["GET"]}}],"collection":[{"href":"https:\/\/staging.zselicvolgy.hu\/en\/wp-json\/wp\/v2\/pages"}],"about":[{"href":"https:\/\/staging.zselicvolgy.hu\/en\/wp-json\/wp\/v2\/types\/page"}],"author":[{"embeddable":true,"href":"https:\/\/staging.zselicvolgy.hu\/en\/wp-json\/wp\/v2\/users\/1"}],"replies":[{"embeddable":true,"href":"https:\/\/staging.zselicvolgy.hu\/en\/wp-json\/wp\/v2\/comments?post=3058"}],"version-history":[{"count":41,"href":"https:\/\/staging.zselicvolgy.hu\/en\/wp-json\/wp\/v2\/pages\/3058\/revisions"}],"predecessor-version":[{"id":5719,"href":"https:\/\/staging.zselicvolgy.hu\/en\/wp-json\/wp\/v2\/pages\/3058\/revisions\/5719"}],"wp:attachment":[{"href":"https:\/\/staging.zselicvolgy.hu\/en\/wp-json\/wp\/v2\/media?parent=3058"}],"curies":[{"name":"wp","href":"https:\/\/api.w.org\/{rel}","templated":true}]}}