{"id":4121,"date":"2024-01-05T11:26:08","date_gmt":"2024-01-05T10:26:08","guid":{"rendered":"https:\/\/www.zselicvolgy.hu\/?page_id=4121"},"modified":"2024-01-05T11:42:31","modified_gmt":"2024-01-05T10:42:31","slug":"tajekoztato","status":"publish","type":"page","link":"https:\/\/staging.zselicvolgy.hu\/en\/tajekoztato\/","title":{"rendered":"T\u00e1j\u00e9koztat\u00f3"},"content":{"rendered":"<div data-elementor-type=\"wp-page\" data-elementor-id=\"4121\" class=\"elementor elementor-4121\" data-elementor-post-type=\"page\">\n\t\t\t\t\t\t<section class=\"elementor-section elementor-top-section elementor-element elementor-element-9880f2b elementor-section-height-min-height elementor-section-items-top elementor-section-boxed elementor-section-height-default\" data-id=\"9880f2b\" data-element_type=\"section\" data-e-type=\"section\" data-settings=\"{&quot;background_background&quot;:&quot;classic&quot;}\">\n\t\t\t\t\t\t\t<div class=\"elementor-background-overlay\"><\/div>\n\t\t\t\t\t\t\t<div class=\"elementor-container elementor-column-gap-default\">\n\t\t\t\t\t<div class=\"elementor-column elementor-col-100 elementor-top-column elementor-element elementor-element-a66e0e4\" data-id=\"a66e0e4\" data-element_type=\"column\" data-e-type=\"column\">\n\t\t\t<div class=\"elementor-widget-wrap elementor-element-populated\">\n\t\t\t\t\t\t<div class=\"elementor-element elementor-element-be2e436 elementor-widget elementor-widget-heading\" data-id=\"be2e436\" data-element_type=\"widget\" data-e-type=\"widget\" data-widget_type=\"heading.default\">\n\t\t\t\t<div class=\"elementor-widget-container\">\n\t\t\t\t\t<h1 class=\"elementor-heading-title elementor-size-default\">t\u00e1j\u00e9koztat\u00f3<\/h1>\t\t\t\t<\/div>\n\t\t\t\t<\/div>\n\t\t\t\t\t<\/div>\n\t\t<\/div>\n\t\t\t\t\t<\/div>\n\t\t<\/section>\n\t\t\t\t<section class=\"elementor-section elementor-top-section elementor-element elementor-element-4b8ed81 elementor-section-boxed elementor-section-height-default elementor-section-height-default\" data-id=\"4b8ed81\" data-element_type=\"section\" data-e-type=\"section\">\n\t\t\t\t\t\t<div class=\"elementor-container elementor-column-gap-default\">\n\t\t\t\t\t<div class=\"elementor-column elementor-col-100 elementor-top-column elementor-element elementor-element-8116502\" data-id=\"8116502\" data-element_type=\"column\" data-e-type=\"column\">\n\t\t\t<div class=\"elementor-widget-wrap elementor-element-populated\">\n\t\t\t\t\t\t<section class=\"elementor-section elementor-inner-section elementor-element elementor-element-b433489 elementor-section-boxed elementor-section-height-default elementor-section-height-default\" data-id=\"b433489\" data-element_type=\"section\" data-e-type=\"section\">\n\t\t\t\t\t\t<div class=\"elementor-container elementor-column-gap-default\">\n\t\t\t\t\t<div class=\"elementor-column elementor-col-50 elementor-inner-column elementor-element elementor-element-719d280\" data-id=\"719d280\" data-element_type=\"column\" data-e-type=\"column\">\n\t\t\t<div class=\"elementor-widget-wrap elementor-element-populated\">\n\t\t\t\t\t\t<div class=\"elementor-element elementor-element-8af9ee9 elementor-widget elementor-widget-heading\" data-id=\"8af9ee9\" data-element_type=\"widget\" data-e-type=\"widget\" data-widget_type=\"heading.default\">\n\t\t\t\t<div class=\"elementor-widget-container\">\n\t\t\t\t\t<h2 class=\"elementor-heading-title elementor-size-default\">Adatv\u00e9delmi t\u00e1j\u00e9koztat\u00f3k<\/h2>\t\t\t\t<\/div>\n\t\t\t\t<\/div>\n\t\t\t\t<div class=\"elementor-element elementor-element-fec2e5a elementor-widget elementor-widget-heading\" data-id=\"fec2e5a\" data-element_type=\"widget\" data-e-type=\"widget\" data-widget_type=\"heading.default\">\n\t\t\t\t<div class=\"elementor-widget-container\">\n\t\t\t\t\t<h6 class=\"elementor-heading-title elementor-size-default\"><a href=\"https:\/\/staging.zselicvolgy.hu\/wp-content\/uploads\/2024\/01\/Adatkezelesi-tajekoztato-Zselicvolgy-Szabadidofarm.pdf\" target=\"_blank\">Adatkezel\u00e9si t\u00e1j\u00e9koztat\u00f3<\/a><\/h6>\t\t\t\t<\/div>\n\t\t\t\t<\/div>\n\t\t\t\t<div class=\"elementor-element elementor-element-a817288 elementor-widget elementor-widget-heading\" data-id=\"a817288\" data-element_type=\"widget\" data-e-type=\"widget\" data-widget_type=\"heading.default\">\n\t\t\t\t<div class=\"elementor-widget-container\">\n\t\t\t\t\t<h6 class=\"elementor-heading-title elementor-size-default\"><a href=\"https:\/\/staging.zselicvolgy.hu\/wp-content\/uploads\/2024\/01\/Kameras-Adatkezelesi-tajekoztato-Zselicvolgy.pdf\" target=\"_blank\">Kamer\u00e1s adatkezel\u00e9si t\u00e1j\u00e9koztat\u00f3<\/a><\/h6>\t\t\t\t<\/div>\n\t\t\t\t<\/div>\n\t\t\t\t\t<\/div>\n\t\t<\/div>\n\t\t\t\t<div class=\"elementor-column elementor-col-50 elementor-inner-column elementor-element elementor-element-a0f865d\" data-id=\"a0f865d\" data-element_type=\"column\" data-e-type=\"column\">\n\t\t\t<div class=\"elementor-widget-wrap\">\n\t\t\t\t\t\t\t<\/div>\n\t\t<\/div>\n\t\t\t\t\t<\/div>\n\t\t<\/section>\n\t\t\t\t\t<\/div>\n\t\t<\/div>\n\t\t\t\t\t<\/div>\n\t\t<\/section>\n\t\t\t\t<\/div>","protected":false},"excerpt":{"rendered":"<p>t\u00e1j\u00e9koztat\u00f3 Adatv\u00e9delmi t\u00e1j\u00e9koztat\u00f3k Adatkezel\u00e9si t\u00e1j\u00e9koztat\u00f3 Kamer\u00e1s adatkezel\u00e9si t\u00e1j\u00e9koztat\u00f3<\/p>","protected":false},"author":4,"featured_media":0,"parent":0,"menu_order":0,"comment_status":"closed","ping_status":"closed","template":"","meta":{"_monsterinsights_skip_tracking":false,"_monsterinsights_sitenote_active":false,"_monsterinsights_sitenote_note":"","_monsterinsights_sitenote_category":0,"site-sidebar-layout":"no-sidebar","site-content-layout":"page-builder","ast-site-content-layout":"full-width-container","site-content-style":"default","site-sidebar-style":"default","ast-global-header-display":"","ast-banner-title-visibility":"","ast-main-header-display":"","ast-hfb-above-header-display":"","ast-hfb-below-header-display":"","ast-hfb-mobile-header-display":"","site-post-title":"disabled","ast-breadcrumbs-content":"","ast-featured-img":"disabled","footer-sml-layout":"","ast-disable-related-posts":"","theme-transparent-header-meta":"","adv-header-id-meta":"","stick-header-meta":"","header-above-stick-meta":"","header-main-stick-meta":"","header-below-stick-meta":"","astra-migrate-meta-layouts":"set","ast-page-background-enabled":"default","ast-page-background-meta":{"desktop":{"background-color":"var(--ast-global-color-4)","background-image":"","background-repeat":"repeat","background-position":"center center","background-size":"auto","background-attachment":"scroll","background-type":"","background-media":"","overlay-type":"","overlay-color":"","overlay-opacity":"","overlay-gradient":""},"tablet":{"background-color":"","background-image":"","background-repeat":"repeat","background-position":"center center","background-size":"auto","background-attachment":"scroll","background-type":"","background-media":"","overlay-type":"","overlay-color":"","overlay-opacity":"","overlay-gradient":""},"mobile":{"background-color":"","background-image":"","background-repeat":"repeat","background-position":"center center","background-size":"auto","background-attachment":"scroll","background-type":"","background-media":"","overlay-type":"","overlay-color":"","overlay-opacity":"","overlay-gradient":""}},"ast-content-background-meta":{"desktop":{"background-color":"var(--ast-global-color-5)","background-image":"","background-repeat":"repeat","background-position":"center center","background-size":"auto","background-attachment":"scroll","background-type":"","background-media":"","overlay-type":"","overlay-color":"","overlay-opacity":"","overlay-gradient":""},"tablet":{"background-color":"var(--ast-global-color-5)","background-image":"","background-repeat":"repeat","background-position":"center center","background-size":"auto","background-attachment":"scroll","background-type":"","background-media":"","overlay-type":"","overlay-color":"","overlay-opacity":"","overlay-gradient":""},"mobile":{"background-color":"var(--ast-global-color-5)","background-image":"","background-repeat":"repeat","background-position":"center center","background-size":"auto","background-attachment":"scroll","background-type":"","background-media":"","overlay-type":"","overlay-color":"","overlay-opacity":"","overlay-gradient":""}},"footnotes":""},"class_list":["post-4121","page","type-page","status-publish","hentry"],"yoast_head":"<!-- This site is optimized with the Yoast SEO Premium plugin v26.9 (Yoast SEO v26.9) - https:\/\/yoast.com\/product\/yoast-seo-premium-wordpress\/ -->\n<title>T\u00e1j\u00e9koztat\u00f3 - Zselicv\u00f6lgy Szabadid\u0151farm<\/title>\n<meta name=\"robots\" content=\"noindex, follow, max-snippet:-1, max-image-preview:large, max-video-preview:-1\" \/>\n<meta property=\"og:locale\" content=\"en_GB\" \/>\n<meta property=\"og:type\" content=\"article\" \/>\n<meta property=\"og:title\" content=\"T\u00e1j\u00e9koztat\u00f3\" \/>\n<meta property=\"og:description\" content=\"t\u00e1j\u00e9koztat\u00f3 Adatv\u00e9delmi t\u00e1j\u00e9koztat\u00f3k Adatkezel\u00e9si t\u00e1j\u00e9koztat\u00f3 Kamer\u00e1s adatkezel\u00e9si t\u00e1j\u00e9koztat\u00f3\" \/>\n<meta property=\"og:url\" content=\"https:\/\/staging.zselicvolgy.hu\/en\/tajekoztato\/\" \/>\n<meta property=\"og:site_name\" content=\"Zselicv\u00f6lgy Szabadid\u0151farm\" \/>\n<meta property=\"article:publisher\" content=\"https:\/\/www.facebook.com\/zselicvolgy\" \/>\n<meta property=\"article:modified_time\" content=\"2024-01-05T10:42:31+00:00\" \/>\n<meta name=\"twitter:card\" content=\"summary_large_image\" \/>\n<script type=\"application\/ld+json\" class=\"yoast-schema-graph\">{\"@context\":\"https:\/\/schema.org\",\"@graph\":[{\"@type\":\"WebPage\",\"@id\":\"https:\/\/staging.zselicvolgy.hu\/tajekoztato\/\",\"url\":\"https:\/\/staging.zselicvolgy.hu\/tajekoztato\/\",\"name\":\"T\u00e1j\u00e9koztat\u00f3 - Zselicv\u00f6lgy Szabadid\u0151farm\",\"isPartOf\":{\"@id\":\"https:\/\/staging.zselicvolgy.hu\/#website\"},\"datePublished\":\"2024-01-05T10:26:08+00:00\",\"dateModified\":\"2024-01-05T10:42:31+00:00\",\"breadcrumb\":{\"@id\":\"https:\/\/staging.zselicvolgy.hu\/tajekoztato\/#breadcrumb\"},\"inLanguage\":\"en-GB\",\"potentialAction\":[{\"@type\":\"ReadAction\",\"target\":[\"https:\/\/staging.zselicvolgy.hu\/tajekoztato\/\"]}]},{\"@type\":\"BreadcrumbList\",\"@id\":\"https:\/\/staging.zselicvolgy.hu\/tajekoztato\/#breadcrumb\",\"itemListElement\":[{\"@type\":\"ListItem\",\"position\":1,\"name\":\"Home\",\"item\":\"https:\/\/staging.zselicvolgy.hu\/\"},{\"@type\":\"ListItem\",\"position\":2,\"name\":\"T\u00e1j\u00e9koztat\u00f3\"}]},{\"@type\":\"WebSite\",\"@id\":\"https:\/\/staging.zselicvolgy.hu\/#website\",\"url\":\"https:\/\/staging.zselicvolgy.hu\/\",\"name\":\"Zselicv\u00f6lgy Szabadid\u0151farm\",\"description\":\"\",\"publisher\":{\"@id\":\"https:\/\/staging.zselicvolgy.hu\/#organization\"},\"potentialAction\":[{\"@type\":\"SearchAction\",\"target\":{\"@type\":\"EntryPoint\",\"urlTemplate\":\"https:\/\/staging.zselicvolgy.hu\/?s={search_term_string}\"},\"query-input\":{\"@type\":\"PropertyValueSpecification\",\"valueRequired\":true,\"valueName\":\"search_term_string\"}}],\"inLanguage\":\"en-GB\"},{\"@type\":\"Organization\",\"@id\":\"https:\/\/staging.zselicvolgy.hu\/#organization\",\"name\":\"Zselicv\u00f6lgy Szabadid\u0151farm\",\"url\":\"https:\/\/staging.zselicvolgy.hu\/\",\"logo\":{\"@type\":\"ImageObject\",\"inLanguage\":\"en-GB\",\"@id\":\"https:\/\/staging.zselicvolgy.hu\/#\/schema\/logo\/image\/\",\"url\":\"https:\/\/staging.zselicvolgy.hu\/wp-content\/uploads\/2022\/02\/logo2.png\",\"contentUrl\":\"https:\/\/staging.zselicvolgy.hu\/wp-content\/uploads\/2022\/02\/logo2.png\",\"width\":500,\"height\":393,\"caption\":\"Zselicv\u00f6lgy Szabadid\u0151farm\"},\"image\":{\"@id\":\"https:\/\/staging.zselicvolgy.hu\/#\/schema\/logo\/image\/\"},\"sameAs\":[\"https:\/\/www.facebook.com\/zselicvolgy\"]}]}<\/script>\n<!-- \/ Yoast SEO Premium plugin. -->","yoast_head_json":{"title":"T\u00e1j\u00e9koztat\u00f3 - Zselicv\u00f6lgy Szabadid\u0151farm","robots":{"index":"noindex","follow":"follow","max-snippet":"max-snippet:-1","max-image-preview":"max-image-preview:large","max-video-preview":"max-video-preview:-1"},"og_locale":"en_GB","og_type":"article","og_title":"T\u00e1j\u00e9koztat\u00f3","og_description":"t\u00e1j\u00e9koztat\u00f3 Adatv\u00e9delmi t\u00e1j\u00e9koztat\u00f3k Adatkezel\u00e9si t\u00e1j\u00e9koztat\u00f3 Kamer\u00e1s adatkezel\u00e9si t\u00e1j\u00e9koztat\u00f3","og_url":"https:\/\/staging.zselicvolgy.hu\/en\/tajekoztato\/","og_site_name":"Zselicv\u00f6lgy Szabadid\u0151farm","article_publisher":"https:\/\/www.facebook.com\/zselicvolgy","article_modified_time":"2024-01-05T10:42:31+00:00","twitter_card":"summary_large_image","schema":{"@context":"https:\/\/schema.org","@graph":[{"@type":"WebPage","@id":"https:\/\/staging.zselicvolgy.hu\/tajekoztato\/","url":"https:\/\/staging.zselicvolgy.hu\/tajekoztato\/","name":"T\u00e1j\u00e9koztat\u00f3 - Zselicv\u00f6lgy Szabadid\u0151farm","isPartOf":{"@id":"https:\/\/staging.zselicvolgy.hu\/#website"},"datePublished":"2024-01-05T10:26:08+00:00","dateModified":"2024-01-05T10:42:31+00:00","breadcrumb":{"@id":"https:\/\/staging.zselicvolgy.hu\/tajekoztato\/#breadcrumb"},"inLanguage":"en-GB","potentialAction":[{"@type":"ReadAction","target":["https:\/\/staging.zselicvolgy.hu\/tajekoztato\/"]}]},{"@type":"BreadcrumbList","@id":"https:\/\/staging.zselicvolgy.hu\/tajekoztato\/#breadcrumb","itemListElement":[{"@type":"ListItem","position":1,"name":"Home","item":"https:\/\/staging.zselicvolgy.hu\/"},{"@type":"ListItem","position":2,"name":"T\u00e1j\u00e9koztat\u00f3"}]},{"@type":"WebSite","@id":"https:\/\/staging.zselicvolgy.hu\/#website","url":"https:\/\/staging.zselicvolgy.hu\/","name":"Zselicv\u00f6lgy Leisure Farm Hajm\u00e1s","description":"","publisher":{"@id":"https:\/\/staging.zselicvolgy.hu\/#organization"},"potentialAction":[{"@type":"SearchAction","target":{"@type":"EntryPoint","urlTemplate":"https:\/\/staging.zselicvolgy.hu\/?s={search_term_string}"},"query-input":{"@type":"PropertyValueSpecification","valueRequired":true,"valueName":"search_term_string"}}],"inLanguage":"en-GB"},{"@type":"Organization","@id":"https:\/\/staging.zselicvolgy.hu\/#organization","name":"Zselicv\u00f6lgy Leisure Farm Hajm\u00e1s","url":"https:\/\/staging.zselicvolgy.hu\/","logo":{"@type":"ImageObject","inLanguage":"en-GB","@id":"https:\/\/staging.zselicvolgy.hu\/#\/schema\/logo\/image\/","url":"https:\/\/staging.zselicvolgy.hu\/wp-content\/uploads\/2022\/02\/logo2.png","contentUrl":"https:\/\/staging.zselicvolgy.hu\/wp-content\/uploads\/2022\/02\/logo2.png","width":500,"height":393,"caption":"Zselicv\u00f6lgy Szabadid\u0151farm"},"image":{"@id":"https:\/\/staging.zselicvolgy.hu\/#\/schema\/logo\/image\/"},"sameAs":["https:\/\/www.facebook.com\/zselicvolgy"]}]}},"_links":{"self":[{"href":"https:\/\/staging.zselicvolgy.hu\/en\/wp-json\/wp\/v2\/pages\/4121","targetHints":{"allow":["GET"]}}],"collection":[{"href":"https:\/\/staging.zselicvolgy.hu\/en\/wp-json\/wp\/v2\/pages"}],"about":[{"href":"https:\/\/staging.zselicvolgy.hu\/en\/wp-json\/wp\/v2\/types\/page"}],"author":[{"embeddable":true,"href":"https:\/\/staging.zselicvolgy.hu\/en\/wp-json\/wp\/v2\/users\/4"}],"replies":[{"embeddable":true,"href":"https:\/\/staging.zselicvolgy.hu\/en\/wp-json\/wp\/v2\/comments?post=4121"}],"version-history":[{"count":19,"href":"https:\/\/staging.zselicvolgy.hu\/en\/wp-json\/wp\/v2\/pages\/4121\/revisions"}],"predecessor-version":[{"id":4143,"href":"https:\/\/staging.zselicvolgy.hu\/en\/wp-json\/wp\/v2\/pages\/4121\/revisions\/4143"}],"wp:attachment":[{"href":"https:\/\/staging.zselicvolgy.hu\/en\/wp-json\/wp\/v2\/media?parent=4121"}],"curies":[{"name":"wp","href":"https:\/\/api.w.org\/{rel}","templated":true}]}}