{"id":5604,"date":"2025-01-24T12:12:44","date_gmt":"2025-01-24T11:12:44","guid":{"rendered":"https:\/\/www.zselicvolgy.hu\/?page_id=5604"},"modified":"2025-01-24T15:53:42","modified_gmt":"2025-01-24T14:53:42","slug":"ujprogram","status":"publish","type":"page","link":"https:\/\/staging.zselicvolgy.hu\/en\/ujprogram\/","title":{"rendered":"\u00daj programok"},"content":{"rendered":"\t\t<div data-elementor-type=\"wp-page\" data-elementor-id=\"5604\" class=\"elementor elementor-5604\" data-elementor-post-type=\"page\">\n\t\t\t\t\t\t<section class=\"elementor-section elementor-top-section elementor-element elementor-element-3f65c9e elementor-section-height-min-height elementor-section-boxed elementor-section-height-default elementor-section-items-middle\" data-id=\"3f65c9e\" data-element_type=\"section\" data-e-type=\"section\" data-settings=\"{&quot;background_background&quot;:&quot;classic&quot;,&quot;background_motion_fx_motion_fx_scrolling&quot;:&quot;yes&quot;,&quot;background_motion_fx_translateY_effect&quot;:&quot;yes&quot;,&quot;background_motion_fx_translateY_speed&quot;:{&quot;unit&quot;:&quot;px&quot;,&quot;size&quot;:4,&quot;sizes&quot;:[]},&quot;background_motion_fx_translateY_affectedRange&quot;:{&quot;unit&quot;:&quot;%&quot;,&quot;size&quot;:&quot;&quot;,&quot;sizes&quot;:{&quot;start&quot;:0,&quot;end&quot;:100}},&quot;background_motion_fx_devices&quot;:[&quot;desktop&quot;,&quot;tablet&quot;,&quot;mobile&quot;]}\">\n\t\t\t\t\t\t<div class=\"elementor-container elementor-column-gap-default\">\n\t\t\t\t\t<div class=\"elementor-column elementor-col-100 elementor-top-column elementor-element elementor-element-461a77b\" data-id=\"461a77b\" data-element_type=\"column\" data-e-type=\"column\">\n\t\t\t<div class=\"elementor-widget-wrap elementor-element-populated\">\n\t\t\t\t\t\t<div class=\"elementor-element elementor-element-e9f55b9 elementor-widget elementor-widget-heading\" data-id=\"e9f55b9\" data-element_type=\"widget\" data-e-type=\"widget\" data-widget_type=\"heading.default\">\n\t\t\t\t<div class=\"elementor-widget-container\">\n\t\t\t\t\t<h1 class=\"elementor-heading-title elementor-size-default\">\u00daj programok<\/h1>\t\t\t\t<\/div>\n\t\t\t\t<\/div>\n\t\t\t\t\t<\/div>\n\t\t<\/div>\n\t\t\t\t\t<\/div>\n\t\t<\/section>\n\t\t<div class=\"elementor-element elementor-element-bcc9393 e-flex e-con-boxed e-con e-parent\" data-id=\"bcc9393\" data-element_type=\"container\" data-e-type=\"container\">\n\t\t\t\t\t<div class=\"e-con-inner\">\n\t\t\t\t<div class=\"elementor-element elementor-element-cecc595 elementor-grid-3 elementor-grid-tablet-2 elementor-grid-mobile-1 elementor-widget elementor-widget-loop-grid\" data-id=\"cecc595\" data-element_type=\"widget\" data-e-type=\"widget\" data-settings=\"{&quot;template_id&quot;:4717,&quot;masonry&quot;:&quot;yes&quot;,&quot;_skin&quot;:&quot;post&quot;,&quot;columns&quot;:&quot;3&quot;,&quot;columns_tablet&quot;:&quot;2&quot;,&quot;columns_mobile&quot;:&quot;1&quot;,&quot;edit_handle_selector&quot;:&quot;[data-elementor-type=\\&quot;loop-item\\&quot;]&quot;,&quot;row_gap&quot;:{&quot;unit&quot;:&quot;px&quot;,&quot;size&quot;:&quot;&quot;,&quot;sizes&quot;:[]},&quot;row_gap_tablet&quot;:{&quot;unit&quot;:&quot;px&quot;,&quot;size&quot;:&quot;&quot;,&quot;sizes&quot;:[]},&quot;row_gap_mobile&quot;:{&quot;unit&quot;:&quot;px&quot;,&quot;size&quot;:&quot;&quot;,&quot;sizes&quot;:[]}}\" data-widget_type=\"loop-grid.post\">\n\t\t\t\t<div class=\"elementor-widget-container\">\n\t\t\t\t\t\t\t<div class=\"elementor-loop-container elementor-grid\" role=\"list\">\n\t\t<style id=\"loop-4717\">.elementor-4717 .elementor-element.elementor-element-282edf9{--display:flex;--margin-top:0px;--margin-bottom:0px;--margin-left:0px;--margin-right:0px;--padding-top:0px;--padding-bottom:0px;--padding-left:0px;--padding-right:0px;}.elementor-4717 .elementor-element.elementor-element-3f1b261 > .elementor-widget-container{margin:0px 0px 0px 0px;padding:0px 0px 0px 0px;border-radius:20px 20px 20px 20px;}<\/style>\t\t<div data-elementor-type=\"loop-item\" data-elementor-id=\"4717\" class=\"elementor elementor-4717 e-loop-item e-loop-item-6035 post-6035 post type-post status-publish format-standard has-post-thumbnail hentry category-ujprogram\" data-elementor-post-type=\"elementor_library\" data-custom-edit-handle=\"1\">\n\t\t\t<div class=\"elementor-element elementor-element-282edf9 e-flex e-con-boxed e-con e-parent\" data-id=\"282edf9\" data-element_type=\"container\" data-e-type=\"container\">\n\t\t\t\t\t<div class=\"e-con-inner\">\n\t\t\t\t<div class=\"elementor-element elementor-element-3f1b261 elementor-widget elementor-widget-image\" data-id=\"3f1b261\" data-element_type=\"widget\" data-e-type=\"widget\" data-widget_type=\"image.default\">\n\t\t\t\t<div class=\"elementor-widget-container\">\n\t\t\t\t\t\t\t\t\t\t\t\t\t\t\t\t<a href=\"https:\/\/staging.zselicvolgy.hu\/en\/izek-borok-talalkozasok-zselicvolgyben\/\">\n\t\t\t\t\t\t\t<img loading=\"lazy\" decoding=\"async\" loading=\"lazy\" width=\"1024\" height=\"727\" src=\"https:\/\/staging.zselicvolgy.hu\/wp-content\/uploads\/2025\/11\/Izek_Borok_Talalkozasok_2025_P1-2-1024x727.jpg\" class=\"attachment-large size-large wp-image-6038\" alt=\"\" srcset=\"https:\/\/staging.zselicvolgy.hu\/wp-content\/uploads\/2025\/11\/Izek_Borok_Talalkozasok_2025_P1-2-1024x727.jpg 1024w, https:\/\/staging.zselicvolgy.hu\/wp-content\/uploads\/2025\/11\/Izek_Borok_Talalkozasok_2025_P1-2-300x213.jpg 300w, https:\/\/staging.zselicvolgy.hu\/wp-content\/uploads\/2025\/11\/Izek_Borok_Talalkozasok_2025_P1-2-768x545.jpg 768w, https:\/\/staging.zselicvolgy.hu\/wp-content\/uploads\/2025\/11\/Izek_Borok_Talalkozasok_2025_P1-2-1536x1091.jpg 1536w, https:\/\/staging.zselicvolgy.hu\/wp-content\/uploads\/2025\/11\/Izek_Borok_Talalkozasok_2025_P1-2-2048x1455.jpg 2048w, https:\/\/staging.zselicvolgy.hu\/wp-content\/uploads\/2025\/11\/Izek_Borok_Talalkozasok_2025_P1-2-18x12.jpg 18w\" sizes=\"auto, (max-width: 1024px) 100vw, 1024px\" \/>\t\t\t\t\t\t\t\t<\/a>\n\t\t\t\t\t\t\t\t\t\t\t\t\t\t\t<\/div>\n\t\t\t\t<\/div>\n\t\t\t\t<div class=\"elementor-element elementor-element-109786a elementor-widget elementor-widget-heading\" data-id=\"109786a\" data-element_type=\"widget\" data-e-type=\"widget\" data-widget_type=\"heading.default\">\n\t\t\t\t<div class=\"elementor-widget-container\">\n\t\t\t\t\t<h2 class=\"elementor-heading-title elementor-size-default\">\u00cdzek, borok, tal\u00e1lkoz\u00e1sok Zselicv\u00f6lgyben!<\/h2>\t\t\t\t<\/div>\n\t\t\t\t<\/div>\n\t\t\t\t\t<\/div>\n\t\t\t\t<\/div>\n\t\t\t\t<\/div>\n\t\t\t\t<div data-elementor-type=\"loop-item\" data-elementor-id=\"4717\" class=\"elementor elementor-4717 e-loop-item e-loop-item-5564 post-5564 post type-post status-publish format-standard has-post-thumbnail hentry category-ujprogram\" data-elementor-post-type=\"elementor_library\" data-custom-edit-handle=\"1\">\n\t\t\t<div class=\"elementor-element elementor-element-282edf9 e-flex e-con-boxed e-con e-parent\" data-id=\"282edf9\" data-element_type=\"container\" data-e-type=\"container\">\n\t\t\t\t\t<div class=\"e-con-inner\">\n\t\t\t\t<div class=\"elementor-element elementor-element-3f1b261 elementor-widget elementor-widget-image\" data-id=\"3f1b261\" data-element_type=\"widget\" data-e-type=\"widget\" data-widget_type=\"image.default\">\n\t\t\t\t<div class=\"elementor-widget-container\">\n\t\t\t\t\t\t\t\t\t\t\t\t\t\t\t\t<a href=\"https:\/\/staging.zselicvolgy.hu\/en\/%f0%9f%8e%b3-bowling-verseny-a-zselicvolgy-szabadidofarmon-%f0%9f%8e%b3\/\">\n\t\t\t\t\t\t\t<img loading=\"lazy\" decoding=\"async\" loading=\"lazy\" width=\"940\" height=\"788\" src=\"https:\/\/staging.zselicvolgy.hu\/wp-content\/uploads\/2025\/01\/bowling-versey-januar-25.png\" class=\"attachment-large size-large wp-image-5553\" alt=\"\" srcset=\"https:\/\/staging.zselicvolgy.hu\/wp-content\/uploads\/2025\/01\/bowling-versey-januar-25.png 940w, https:\/\/staging.zselicvolgy.hu\/wp-content\/uploads\/2025\/01\/bowling-versey-januar-25-300x251.png 300w, https:\/\/staging.zselicvolgy.hu\/wp-content\/uploads\/2025\/01\/bowling-versey-januar-25-768x644.png 768w, https:\/\/staging.zselicvolgy.hu\/wp-content\/uploads\/2025\/01\/bowling-versey-januar-25-14x12.png 14w\" sizes=\"auto, (max-width: 940px) 100vw, 940px\" \/>\t\t\t\t\t\t\t\t<\/a>\n\t\t\t\t\t\t\t\t\t\t\t\t\t\t\t<\/div>\n\t\t\t\t<\/div>\n\t\t\t\t<div class=\"elementor-element elementor-element-109786a elementor-widget elementor-widget-heading\" data-id=\"109786a\" data-element_type=\"widget\" data-e-type=\"widget\" data-widget_type=\"heading.default\">\n\t\t\t\t<div class=\"elementor-widget-container\">\n\t\t\t\t\t<h2 class=\"elementor-heading-title elementor-size-default\">\ud83c\udfb3 Bowling verseny a Zselicv\u00f6lgy Szabadid\u0151farmon! \ud83c\udfb3<\/h2>\t\t\t\t<\/div>\n\t\t\t\t<\/div>\n\t\t\t\t\t<\/div>\n\t\t\t\t<\/div>\n\t\t\t\t<\/div>\n\t\t\t\t<div data-elementor-type=\"loop-item\" data-elementor-id=\"4717\" class=\"elementor elementor-4717 e-loop-item e-loop-item-5549 post-5549 post type-post status-publish format-standard has-post-thumbnail hentry category-ujprogram\" data-elementor-post-type=\"elementor_library\" data-custom-edit-handle=\"1\">\n\t\t\t<div class=\"elementor-element elementor-element-282edf9 e-flex e-con-boxed e-con e-parent\" data-id=\"282edf9\" data-element_type=\"container\" data-e-type=\"container\">\n\t\t\t\t\t<div class=\"e-con-inner\">\n\t\t\t\t<div class=\"elementor-element elementor-element-3f1b261 elementor-widget elementor-widget-image\" data-id=\"3f1b261\" data-element_type=\"widget\" data-e-type=\"widget\" data-widget_type=\"image.default\">\n\t\t\t\t<div class=\"elementor-widget-container\">\n\t\t\t\t\t\t\t\t\t\t\t\t\t\t\t\t<a href=\"https:\/\/staging.zselicvolgy.hu\/en\/tarantino-farsang-legy-te-is-a-filmek-sztarja\/\">\n\t\t\t\t\t\t\t<img loading=\"lazy\" decoding=\"async\" loading=\"lazy\" width=\"1024\" height=\"1024\" src=\"https:\/\/staging.zselicvolgy.hu\/wp-content\/uploads\/2025\/01\/FB_Hajmas_Tarantino-Farsang_1200x1200px_2025_02_08-1-1024x1024.jpg\" class=\"attachment-large size-large wp-image-5575\" alt=\"\" srcset=\"https:\/\/staging.zselicvolgy.hu\/wp-content\/uploads\/2025\/01\/FB_Hajmas_Tarantino-Farsang_1200x1200px_2025_02_08-1-1024x1024.jpg 1024w, https:\/\/staging.zselicvolgy.hu\/wp-content\/uploads\/2025\/01\/FB_Hajmas_Tarantino-Farsang_1200x1200px_2025_02_08-1-300x300.jpg 300w, https:\/\/staging.zselicvolgy.hu\/wp-content\/uploads\/2025\/01\/FB_Hajmas_Tarantino-Farsang_1200x1200px_2025_02_08-1-150x150.jpg 150w, https:\/\/staging.zselicvolgy.hu\/wp-content\/uploads\/2025\/01\/FB_Hajmas_Tarantino-Farsang_1200x1200px_2025_02_08-1-768x768.jpg 768w, https:\/\/staging.zselicvolgy.hu\/wp-content\/uploads\/2025\/01\/FB_Hajmas_Tarantino-Farsang_1200x1200px_2025_02_08-1-12x12.jpg 12w, https:\/\/staging.zselicvolgy.hu\/wp-content\/uploads\/2025\/01\/FB_Hajmas_Tarantino-Farsang_1200x1200px_2025_02_08-1.jpg 1200w\" sizes=\"auto, (max-width: 1024px) 100vw, 1024px\" \/>\t\t\t\t\t\t\t\t<\/a>\n\t\t\t\t\t\t\t\t\t\t\t\t\t\t\t<\/div>\n\t\t\t\t<\/div>\n\t\t\t\t<div class=\"elementor-element elementor-element-109786a elementor-widget elementor-widget-heading\" data-id=\"109786a\" data-element_type=\"widget\" data-e-type=\"widget\" data-widget_type=\"heading.default\">\n\t\t\t\t<div class=\"elementor-widget-container\">\n\t\t\t\t\t<h2 class=\"elementor-heading-title elementor-size-default\">Tarantino Farsang \u2013 L\u00e9gy te is a filmek szt\u00e1rja!<\/h2>\t\t\t\t<\/div>\n\t\t\t\t<\/div>\n\t\t\t\t\t<\/div>\n\t\t\t\t<\/div>\n\t\t\t\t<\/div>\n\t\t\t\t<\/div>\n\t\t\n\t\t\t\t\t\t<\/div>\n\t\t\t\t<\/div>\n\t\t\t\t\t<\/div>\n\t\t\t\t<\/div>\n\t\t\t\t<\/div>\n\t\t","protected":false},"excerpt":{"rendered":"<p>\u00daj programok<\/p>","protected":false},"author":7,"featured_media":5164,"parent":0,"menu_order":0,"comment_status":"closed","ping_status":"closed","template":"","meta":{"_monsterinsights_skip_tracking":false,"_monsterinsights_sitenote_active":false,"_monsterinsights_sitenote_note":"","_monsterinsights_sitenote_category":0,"site-sidebar-layout":"no-sidebar","site-content-layout":"page-builder","ast-site-content-layout":"full-width-container","site-content-style":"unboxed","site-sidebar-style":"unboxed","ast-global-header-display":"","ast-banner-title-visibility":"","ast-main-header-display":"","ast-hfb-above-header-display":"","ast-hfb-below-header-display":"","ast-hfb-mobile-header-display":"","site-post-title":"disabled","ast-breadcrumbs-content":"","ast-featured-img":"disabled","footer-sml-layout":"","ast-disable-related-posts":"","theme-transparent-header-meta":"","adv-header-id-meta":"","stick-header-meta":"","header-above-stick-meta":"","header-main-stick-meta":"","header-below-stick-meta":"","astra-migrate-meta-layouts":"set","ast-page-background-enabled":"default","ast-page-background-meta":{"desktop":{"background-color":"var(--ast-global-color-4)","background-image":"","background-repeat":"repeat","background-position":"center center","background-size":"auto","background-attachment":"scroll","background-type":"","background-media":"","overlay-type":"","overlay-color":"","overlay-opacity":"","overlay-gradient":""},"tablet":{"background-color":"","background-image":"","background-repeat":"repeat","background-position":"center center","background-size":"auto","background-attachment":"scroll","background-type":"","background-media":"","overlay-type":"","overlay-color":"","overlay-opacity":"","overlay-gradient":""},"mobile":{"background-color":"","background-image":"","background-repeat":"repeat","background-position":"center center","background-size":"auto","background-attachment":"scroll","background-type":"","background-media":"","overlay-type":"","overlay-color":"","overlay-opacity":"","overlay-gradient":""}},"ast-content-background-meta":{"desktop":{"background-color":"var(--ast-global-color-5)","background-image":"","background-repeat":"repeat","background-position":"center center","background-size":"auto","background-attachment":"scroll","background-type":"","background-media":"","overlay-type":"","overlay-color":"","overlay-opacity":"","overlay-gradient":""},"tablet":{"background-color":"var(--ast-global-color-5)","background-image":"","background-repeat":"repeat","background-position":"center center","background-size":"auto","background-attachment":"scroll","background-type":"","background-media":"","overlay-type":"","overlay-color":"","overlay-opacity":"","overlay-gradient":""},"mobile":{"background-color":"var(--ast-global-color-5)","background-image":"","background-repeat":"repeat","background-position":"center center","background-size":"auto","background-attachment":"scroll","background-type":"","background-media":"","overlay-type":"","overlay-color":"","overlay-opacity":"","overlay-gradient":""}},"footnotes":""},"class_list":["post-5604","page","type-page","status-publish","has-post-thumbnail","hentry"],"yoast_head":"<!-- This site is optimized with the Yoast SEO Premium plugin v26.9 (Yoast SEO v26.9) - https:\/\/yoast.com\/product\/yoast-seo-premium-wordpress\/ -->\n<title>\u00daj programok - Zselicv\u00f6lgy Szabadid\u0151farm<\/title>\n<meta name=\"robots\" content=\"noindex, follow, max-snippet:-1, max-image-preview:large, max-video-preview:-1\" \/>\n<meta property=\"og:locale\" content=\"en_GB\" \/>\n<meta property=\"og:type\" content=\"article\" \/>\n<meta property=\"og:title\" content=\"\u00daj programok\" \/>\n<meta property=\"og:description\" content=\"\u00daj programok\" \/>\n<meta property=\"og:url\" content=\"https:\/\/staging.zselicvolgy.hu\/en\/ujprogram\/\" \/>\n<meta property=\"og:site_name\" content=\"Zselicv\u00f6lgy Szabadid\u0151farm\" \/>\n<meta property=\"article:publisher\" content=\"https:\/\/www.facebook.com\/zselicvolgy\" \/>\n<meta property=\"article:modified_time\" content=\"2025-01-24T14:53:42+00:00\" \/>\n<meta property=\"og:image\" content=\"https:\/\/staging.zselicvolgy.hu\/wp-content\/uploads\/2024\/07\/PSX_20240710_111848.jpg\" \/>\n\t<meta property=\"og:image:width\" content=\"2178\" \/>\n\t<meta property=\"og:image:height\" content=\"1452\" \/>\n\t<meta property=\"og:image:type\" content=\"image\/jpeg\" \/>\n<meta name=\"twitter:card\" content=\"summary_large_image\" \/>\n<meta name=\"twitter:label1\" content=\"Estimated reading time\" \/>\n\t<meta name=\"twitter:data1\" content=\"2 minutes\" \/>\n<script type=\"application\/ld+json\" class=\"yoast-schema-graph\">{\"@context\":\"https:\/\/schema.org\",\"@graph\":[{\"@type\":\"WebPage\",\"@id\":\"https:\/\/staging.zselicvolgy.hu\/ujprogram\/\",\"url\":\"https:\/\/staging.zselicvolgy.hu\/ujprogram\/\",\"name\":\"\u00daj programok - Zselicv\u00f6lgy Szabadid\u0151farm\",\"isPartOf\":{\"@id\":\"https:\/\/staging.zselicvolgy.hu\/#website\"},\"primaryImageOfPage\":{\"@id\":\"https:\/\/staging.zselicvolgy.hu\/ujprogram\/#primaryimage\"},\"image\":{\"@id\":\"https:\/\/staging.zselicvolgy.hu\/ujprogram\/#primaryimage\"},\"thumbnailUrl\":\"https:\/\/staging.zselicvolgy.hu\/wp-content\/uploads\/2024\/07\/PSX_20240710_111848.jpg\",\"datePublished\":\"2025-01-24T11:12:44+00:00\",\"dateModified\":\"2025-01-24T14:53:42+00:00\",\"breadcrumb\":{\"@id\":\"https:\/\/staging.zselicvolgy.hu\/ujprogram\/#breadcrumb\"},\"inLanguage\":\"en-GB\",\"potentialAction\":[{\"@type\":\"ReadAction\",\"target\":[\"https:\/\/staging.zselicvolgy.hu\/ujprogram\/\"]}]},{\"@type\":\"ImageObject\",\"inLanguage\":\"en-GB\",\"@id\":\"https:\/\/staging.zselicvolgy.hu\/ujprogram\/#primaryimage\",\"url\":\"https:\/\/staging.zselicvolgy.hu\/wp-content\/uploads\/2024\/07\/PSX_20240710_111848.jpg\",\"contentUrl\":\"https:\/\/staging.zselicvolgy.hu\/wp-content\/uploads\/2024\/07\/PSX_20240710_111848.jpg\",\"width\":2178,\"height\":1452},{\"@type\":\"BreadcrumbList\",\"@id\":\"https:\/\/staging.zselicvolgy.hu\/ujprogram\/#breadcrumb\",\"itemListElement\":[{\"@type\":\"ListItem\",\"position\":1,\"name\":\"Home\",\"item\":\"https:\/\/staging.zselicvolgy.hu\/\"},{\"@type\":\"ListItem\",\"position\":2,\"name\":\"\u00daj programok\"}]},{\"@type\":\"WebSite\",\"@id\":\"https:\/\/staging.zselicvolgy.hu\/#website\",\"url\":\"https:\/\/staging.zselicvolgy.hu\/\",\"name\":\"Zselicv\u00f6lgy Szabadid\u0151farm\",\"description\":\"\",\"publisher\":{\"@id\":\"https:\/\/staging.zselicvolgy.hu\/#organization\"},\"potentialAction\":[{\"@type\":\"SearchAction\",\"target\":{\"@type\":\"EntryPoint\",\"urlTemplate\":\"https:\/\/staging.zselicvolgy.hu\/?s={search_term_string}\"},\"query-input\":{\"@type\":\"PropertyValueSpecification\",\"valueRequired\":true,\"valueName\":\"search_term_string\"}}],\"inLanguage\":\"en-GB\"},{\"@type\":\"Organization\",\"@id\":\"https:\/\/staging.zselicvolgy.hu\/#organization\",\"name\":\"Zselicv\u00f6lgy Szabadid\u0151farm\",\"url\":\"https:\/\/staging.zselicvolgy.hu\/\",\"logo\":{\"@type\":\"ImageObject\",\"inLanguage\":\"en-GB\",\"@id\":\"https:\/\/staging.zselicvolgy.hu\/#\/schema\/logo\/image\/\",\"url\":\"https:\/\/staging.zselicvolgy.hu\/wp-content\/uploads\/2022\/02\/logo2.png\",\"contentUrl\":\"https:\/\/staging.zselicvolgy.hu\/wp-content\/uploads\/2022\/02\/logo2.png\",\"width\":500,\"height\":393,\"caption\":\"Zselicv\u00f6lgy Szabadid\u0151farm\"},\"image\":{\"@id\":\"https:\/\/staging.zselicvolgy.hu\/#\/schema\/logo\/image\/\"},\"sameAs\":[\"https:\/\/www.facebook.com\/zselicvolgy\"]}]}<\/script>\n<!-- \/ Yoast SEO Premium plugin. -->","yoast_head_json":{"title":"\u00daj programok - Zselicv\u00f6lgy Szabadid\u0151farm","robots":{"index":"noindex","follow":"follow","max-snippet":"max-snippet:-1","max-image-preview":"max-image-preview:large","max-video-preview":"max-video-preview:-1"},"og_locale":"en_GB","og_type":"article","og_title":"\u00daj programok","og_description":"\u00daj programok","og_url":"https:\/\/staging.zselicvolgy.hu\/en\/ujprogram\/","og_site_name":"Zselicv\u00f6lgy Szabadid\u0151farm","article_publisher":"https:\/\/www.facebook.com\/zselicvolgy","article_modified_time":"2025-01-24T14:53:42+00:00","og_image":[{"width":2178,"height":1452,"url":"https:\/\/staging.zselicvolgy.hu\/wp-content\/uploads\/2024\/07\/PSX_20240710_111848.jpg","type":"image\/jpeg"}],"twitter_card":"summary_large_image","twitter_misc":{"Estimated reading time":"2 minutes"},"schema":{"@context":"https:\/\/schema.org","@graph":[{"@type":"WebPage","@id":"https:\/\/staging.zselicvolgy.hu\/ujprogram\/","url":"https:\/\/staging.zselicvolgy.hu\/ujprogram\/","name":"\u00daj programok - Zselicv\u00f6lgy Szabadid\u0151farm","isPartOf":{"@id":"https:\/\/staging.zselicvolgy.hu\/#website"},"primaryImageOfPage":{"@id":"https:\/\/staging.zselicvolgy.hu\/ujprogram\/#primaryimage"},"image":{"@id":"https:\/\/staging.zselicvolgy.hu\/ujprogram\/#primaryimage"},"thumbnailUrl":"https:\/\/staging.zselicvolgy.hu\/wp-content\/uploads\/2024\/07\/PSX_20240710_111848.jpg","datePublished":"2025-01-24T11:12:44+00:00","dateModified":"2025-01-24T14:53:42+00:00","breadcrumb":{"@id":"https:\/\/staging.zselicvolgy.hu\/ujprogram\/#breadcrumb"},"inLanguage":"en-GB","potentialAction":[{"@type":"ReadAction","target":["https:\/\/staging.zselicvolgy.hu\/ujprogram\/"]}]},{"@type":"ImageObject","inLanguage":"en-GB","@id":"https:\/\/staging.zselicvolgy.hu\/ujprogram\/#primaryimage","url":"https:\/\/staging.zselicvolgy.hu\/wp-content\/uploads\/2024\/07\/PSX_20240710_111848.jpg","contentUrl":"https:\/\/staging.zselicvolgy.hu\/wp-content\/uploads\/2024\/07\/PSX_20240710_111848.jpg","width":2178,"height":1452},{"@type":"BreadcrumbList","@id":"https:\/\/staging.zselicvolgy.hu\/ujprogram\/#breadcrumb","itemListElement":[{"@type":"ListItem","position":1,"name":"Home","item":"https:\/\/staging.zselicvolgy.hu\/"},{"@type":"ListItem","position":2,"name":"\u00daj programok"}]},{"@type":"WebSite","@id":"https:\/\/staging.zselicvolgy.hu\/#website","url":"https:\/\/staging.zselicvolgy.hu\/","name":"Zselicv\u00f6lgy Leisure Farm Hajm\u00e1s","description":"","publisher":{"@id":"https:\/\/staging.zselicvolgy.hu\/#organization"},"potentialAction":[{"@type":"SearchAction","target":{"@type":"EntryPoint","urlTemplate":"https:\/\/staging.zselicvolgy.hu\/?s={search_term_string}"},"query-input":{"@type":"PropertyValueSpecification","valueRequired":true,"valueName":"search_term_string"}}],"inLanguage":"en-GB"},{"@type":"Organization","@id":"https:\/\/staging.zselicvolgy.hu\/#organization","name":"Zselicv\u00f6lgy Leisure Farm Hajm\u00e1s","url":"https:\/\/staging.zselicvolgy.hu\/","logo":{"@type":"ImageObject","inLanguage":"en-GB","@id":"https:\/\/staging.zselicvolgy.hu\/#\/schema\/logo\/image\/","url":"https:\/\/staging.zselicvolgy.hu\/wp-content\/uploads\/2022\/02\/logo2.png","contentUrl":"https:\/\/staging.zselicvolgy.hu\/wp-content\/uploads\/2022\/02\/logo2.png","width":500,"height":393,"caption":"Zselicv\u00f6lgy Szabadid\u0151farm"},"image":{"@id":"https:\/\/staging.zselicvolgy.hu\/#\/schema\/logo\/image\/"},"sameAs":["https:\/\/www.facebook.com\/zselicvolgy"]}]}},"_links":{"self":[{"href":"https:\/\/staging.zselicvolgy.hu\/en\/wp-json\/wp\/v2\/pages\/5604","targetHints":{"allow":["GET"]}}],"collection":[{"href":"https:\/\/staging.zselicvolgy.hu\/en\/wp-json\/wp\/v2\/pages"}],"about":[{"href":"https:\/\/staging.zselicvolgy.hu\/en\/wp-json\/wp\/v2\/types\/page"}],"author":[{"embeddable":true,"href":"https:\/\/staging.zselicvolgy.hu\/en\/wp-json\/wp\/v2\/users\/7"}],"replies":[{"embeddable":true,"href":"https:\/\/staging.zselicvolgy.hu\/en\/wp-json\/wp\/v2\/comments?post=5604"}],"version-history":[{"count":11,"href":"https:\/\/staging.zselicvolgy.hu\/en\/wp-json\/wp\/v2\/pages\/5604\/revisions"}],"predecessor-version":[{"id":5619,"href":"https:\/\/staging.zselicvolgy.hu\/en\/wp-json\/wp\/v2\/pages\/5604\/revisions\/5619"}],"wp:featuredmedia":[{"embeddable":true,"href":"https:\/\/staging.zselicvolgy.hu\/en\/wp-json\/wp\/v2\/media\/5164"}],"wp:attachment":[{"href":"https:\/\/staging.zselicvolgy.hu\/en\/wp-json\/wp\/v2\/media?parent=5604"}],"curies":[{"name":"wp","href":"https:\/\/api.w.org\/{rel}","templated":true}]}}